{"id":582,"date":"2021-11-04T10:21:32","date_gmt":"2021-11-04T10:21:32","guid":{"rendered":"https:\/\/www.step.sk\/wordpress\/?page_id=582"},"modified":"2023-06-25T08:02:43","modified_gmt":"2023-06-25T08:02:43","slug":"services","status":"publish","type":"page","link":"https:\/\/www.step.sk\/wordpress\/?page_id=582","title":{"rendered":"\u010cl\u00e1nky"},"content":{"rendered":"\t\t<div data-elementor-type=\"wp-page\" data-elementor-id=\"582\" class=\"elementor elementor-582\">\n\t\t\t\t\t\t\t\t\t<section class=\"elementor-section elementor-top-section elementor-element elementor-element-8308efd elementor-section-height-min-height elementor-section-items-bottom elementor-section-boxed elementor-section-height-default\" data-id=\"8308efd\" data-element_type=\"section\" data-settings=\"{&quot;background_background&quot;:&quot;classic&quot;}\">\n\t\t\t\t\t\t\t<div class=\"elementor-background-overlay\"><\/div>\n\t\t\t\t\t\t\t<div class=\"elementor-container elementor-column-gap-no\">\n\t\t\t\t\t<div class=\"elementor-column elementor-col-100 elementor-top-column elementor-element elementor-element-4d78e57\" data-id=\"4d78e57\" data-element_type=\"column\">\n\t\t\t<div class=\"elementor-widget-wrap elementor-element-populated\">\n\t\t\t\t\t\t\t\t<div class=\"elementor-element elementor-element-da7dfbc elementor-widget elementor-widget-heading\" data-id=\"da7dfbc\" data-element_type=\"widget\" data-widget_type=\"heading.default\">\n\t\t\t\t<div class=\"elementor-widget-container\">\n\t\t\t<style>\/*! elementor - v3.17.0 - 08-11-2023 *\/\n.elementor-heading-title{padding:0;margin:0;line-height:1}.elementor-widget-heading .elementor-heading-title[class*=elementor-size-]>a{color:inherit;font-size:inherit;line-height:inherit}.elementor-widget-heading .elementor-heading-title.elementor-size-small{font-size:15px}.elementor-widget-heading .elementor-heading-title.elementor-size-medium{font-size:19px}.elementor-widget-heading .elementor-heading-title.elementor-size-large{font-size:29px}.elementor-widget-heading .elementor-heading-title.elementor-size-xl{font-size:39px}.elementor-widget-heading .elementor-heading-title.elementor-size-xxl{font-size:59px}<\/style><h2 class=\"elementor-heading-title elementor-size-default\">\u010cl\u00e1nky o rie\u0161eniach v IS KARAT<\/h2>\t\t<\/div>\n\t\t\t\t<\/div>\n\t\t\t\t\t<\/div>\n\t\t<\/div>\n\t\t\t\t\t\t\t<\/div>\n\t\t<\/section>\n\t\t\t\t<section class=\"elementor-section elementor-top-section elementor-element elementor-element-67496a4 elementor-section-boxed elementor-section-height-default elementor-section-height-default\" data-id=\"67496a4\" data-element_type=\"section\" data-settings=\"{&quot;background_background&quot;:&quot;classic&quot;}\">\n\t\t\t\t\t\t<div class=\"elementor-container elementor-column-gap-default\">\n\t\t\t\t\t<div class=\"elementor-column elementor-col-100 elementor-top-column elementor-element elementor-element-e1bf929\" data-id=\"e1bf929\" data-element_type=\"column\">\n\t\t\t<div class=\"elementor-widget-wrap elementor-element-populated\">\n\t\t\t\t\t\t\t\t<div class=\"elementor-element elementor-element-26cf756 elementor-widget__width-initial elementor-widget elementor-widget-text-editor\" data-id=\"26cf756\" data-element_type=\"widget\" data-widget_type=\"text-editor.default\">\n\t\t\t\t<div class=\"elementor-widget-container\">\n\t\t\t<style>\/*! elementor - v3.17.0 - 08-11-2023 *\/\n.elementor-widget-text-editor.elementor-drop-cap-view-stacked .elementor-drop-cap{background-color:#69727d;color:#fff}.elementor-widget-text-editor.elementor-drop-cap-view-framed .elementor-drop-cap{color:#69727d;border:3px solid;background-color:transparent}.elementor-widget-text-editor:not(.elementor-drop-cap-view-default) .elementor-drop-cap{margin-top:8px}.elementor-widget-text-editor:not(.elementor-drop-cap-view-default) .elementor-drop-cap-letter{width:1em;height:1em}.elementor-widget-text-editor .elementor-drop-cap{float:left;text-align:center;line-height:1;font-size:50px}.elementor-widget-text-editor .elementor-drop-cap-letter{display:inline-block}<\/style>\t\t\t\t<p style=\"\">Po\u010das skoro 20-ro\u010dn\u00fdch sk\u00fasenost\u00ed s implement\u00e1ciou IS KARAT sme sa stretli s po\u017eiadavkami, n\u00e1rokmi a procesmi riadenia desiatok firiem.&nbsp;<span style=\"font-size: 15px; font-style: inherit; font-weight: inherit; color: var(--ast-global-color-3);\">M\u00e1me sk\u00fasenosti s implement\u00e1ciou v\u00e4\u010d\u0161iny modulov, ktor\u00e9 IS KARAT pon\u00faka.&nbsp;<\/span><span style=\"font-style: inherit; font-weight: inherit; color: var(--ast-global-color-3);\">V \u010dl\u00e1nkoch V\u00e1m predstavujeme&nbsp;<\/span><span style=\"font-style: inherit; font-weight: inherit; color: var(--ast-global-color-3);\">uk\u00e1\u017eky niektor\u00fdch zauj\u00edmav\u00fdch rie\u0161en\u00ed, ktor\u00e9 pon\u00fakame v r\u00e1mci implement\u00e1cie IS KARAT a ktor\u00e9 sme bu\u010f sami navrhli alebo s nimi m\u00e1me dobr\u00e9 sk\u00fasenosti.<\/span><\/p>\n<p style=\"font-size: 15px; font-style: normal; font-weight: 400;\">\n<\/p>\t\t\t\t\t\t<\/div>\n\t\t\t\t<\/div>\n\t\t\t\t\t<\/div>\n\t\t<\/div>\n\t\t\t\t\t\t\t<\/div>\n\t\t<\/section>\n\t\t\t\t<section class=\"elementor-section elementor-top-section elementor-element elementor-element-62fcd5c elementor-section-boxed elementor-section-height-default elementor-section-height-default\" data-id=\"62fcd5c\" data-element_type=\"section\" data-settings=\"{&quot;background_background&quot;:&quot;classic&quot;}\">\n\t\t\t\t\t\t<div class=\"elementor-container elementor-column-gap-no\">\n\t\t\t\t\t<div class=\"elementor-column elementor-col-100 elementor-top-column elementor-element elementor-element-6096f1b\" data-id=\"6096f1b\" data-element_type=\"column\">\n\t\t\t<div class=\"elementor-widget-wrap elementor-element-populated\">\n\t\t\t\t\t\t\t\t<section class=\"elementor-section elementor-inner-section elementor-element elementor-element-eff919d elementor-section-boxed elementor-section-height-default elementor-section-height-default\" data-id=\"eff919d\" data-element_type=\"section\">\n\t\t\t\t\t\t<div class=\"elementor-container elementor-column-gap-no\">\n\t\t\t\t\t<div class=\"elementor-column elementor-col-100 elementor-inner-column elementor-element elementor-element-7b0bffe\" data-id=\"7b0bffe\" data-element_type=\"column\">\n\t\t\t<div class=\"elementor-widget-wrap elementor-element-populated\">\n\t\t\t\t\t\t\t\t<div class=\"elementor-element elementor-element-98bab01 title_position_default title_hover_border_default title-default img_hover_animation_default readmore-btn-default-style grid-hover-overlay-type-always tpg-el-box-border-enable tpg-border-bottom-disable elementor-widget elementor-widget-tpg-grid-layout\" data-id=\"98bab01\" data-element_type=\"widget\" data-widget_type=\"tpg-grid-layout.default\">\n\t\t\t\t<div class=\"elementor-widget-container\">\n\t\t\t        <div class=\"rt-container-fluid rt-tpg-container tpg-el-main-wrapper clearfix grid-layout1-main \"\r\n             id=\"rt-tpg-container-1711865055\"\r\n             data-layout=\"grid-layout1\"\r\n             data-grid-style=\"tpg-full-height\"\r\n             data-sc-id=\"elementor\"\r\n             data-el-settings=''\r\n             data-el-query=''\r\n             data-el-path=''\r\n        >\r\n\r\n\t\t\t<div class='tpg-header-wrapper '><\/div>\r\n            <div data-title=\"Loading ...\" class=\"rt-row rt-content-loader grid-layout1 grid-behaviour tpg-full-height grid_layout_wrapper\">\r\n\t\t\t\t<div class=\"rt-col-md-3 rt-col-sm-6 rt-col-xs-12 default rt-grid-item post-1840 post type-post status-publish format-standard has-post-thumbnail hentry category-clanok\"\t\tdata-id=\"1840\">\r\n\t<div class=\"rt-holder tpg-post-holder\">\r\n\t\t<div class=\"rt-detail rt-el-content-wrapper\">\r\n\t\t\t\t\t\t\t<div class=\"rt-img-holder tpg-el-image-wrap has-thumbnail\">\r\n\t\t\t\t\t<a data-id=\"1840\" href=\"https:\/\/www.step.sk\/wordpress\/?p=1840\" class=\"tpg-post-link\" target=\"_self\">                        <img loading=\"lazy\" decoding=\"async\" src=\"https:\/\/www.step.sk\/wordpress\/wp-content\/uploads\/2024\/11\/clanok_eshop-768x439.jpg\"\r\n                             class=\"rt-img-responsive\"\r\n                             width=\"768\"\r\n                             height=\"439\"\r\n                             alt=\"Rie\u0161enie pre e-shop: V\u00fdhody Integr\u00e1cie s informa\u010dn\u00fdm syst\u00e9mom\">\r\n\t\t\t\t\t\t\r\n\t\t\t\t\t\t\t\r\n\t\t<\/a>\r\n\t\t        <div class=\"overlay grid-hover-content\"><\/div>\r\n\t\t\t\t\t\t<\/div>\r\n\t\t\t\r\n\t\t\t<div class=\"entry-title-wrapper\"><h3 class=\"entry-title\"><a data-id=\"1840\" href=\"https:\/\/www.step.sk\/wordpress\/?p=1840\" class=\"tpg-post-link\" target=\"_self\">Rie\u0161enie pre e-shop: V\u00fdhody Integr\u00e1cie s informa\u010dn\u00fdm syst\u00e9mom<\/a><\/h3><\/div>\r\n\t\t\t\r\n\r\n\t\t\t\t\t\t\t<div class=\"tpg-excerpt tpg-el-excerpt\">\r\n\t\t\t\t\t\t\t\t\t\t\t<div class=\"tpg-excerpt-inner\">\r\n\t\t\t\t\t\t\tZa online predajom sa skr\u00fdva komplexn\u00e1 organiz\u00e1cia procesov. To zah\u0155\u0148a nielen spr\u00e1vu objedn\u00e1vok, ale aj...\t\t\t\t\t\t<\/div>\r\n\t\t\t\t\t\t\t\t\t\t\t\t\t\t<\/div>\r\n\t\t\t\r\n\t\t\t        <div class=\"post-footer\">\r\n            <div class=\"post-footer\">\r\n                <div class=\"read-more\">\r\n\t\t\t\t\t<a data-id=\"1840\" href=\"https:\/\/www.step.sk\/wordpress\/?p=1840\" class=\"tpg-post-link\" target=\"_self\">\u010c\u00edta\u0165 viac<\/a>                <\/div>\r\n            <\/div>\r\n        <\/div>\r\n\t\t\t\t<\/div>\r\n\t<\/div>\r\n<\/div>\r\n<div class=\"rt-col-md-3 rt-col-sm-6 rt-col-xs-12 default rt-grid-item post-937 post type-post status-publish format-standard has-post-thumbnail hentry category-clanok\"\t\tdata-id=\"937\">\r\n\t<div class=\"rt-holder tpg-post-holder\">\r\n\t\t<div class=\"rt-detail rt-el-content-wrapper\">\r\n\t\t\t\t\t\t\t<div class=\"rt-img-holder tpg-el-image-wrap has-thumbnail\">\r\n\t\t\t\t\t<a data-id=\"937\" href=\"https:\/\/www.step.sk\/wordpress\/?p=937\" class=\"tpg-post-link\" target=\"_self\">                        <img loading=\"lazy\" decoding=\"async\" src=\"https:\/\/www.step.sk\/wordpress\/wp-content\/uploads\/2023\/06\/pda-e1731663155127-768x495.jpg\"\r\n                             class=\"rt-img-responsive\"\r\n                             width=\"768\"\r\n                             height=\"495\"\r\n                             alt=\"Skladov\u00e9 procesy pod kontrolou s na\u0161ou aplik\u00e1ciou pre prenosn\u00e9 dotykov\u00e9 termin\u00e1ly\">\r\n\t\t\t\t\t\t\r\n\t\t\t\t\t\t\t\r\n\t\t<\/a>\r\n\t\t        <div class=\"overlay grid-hover-content\"><\/div>\r\n\t\t\t\t\t\t<\/div>\r\n\t\t\t\r\n\t\t\t<div class=\"entry-title-wrapper\"><h3 class=\"entry-title\"><a data-id=\"937\" href=\"https:\/\/www.step.sk\/wordpress\/?p=937\" class=\"tpg-post-link\" target=\"_self\">Skladov\u00e9 procesy pod kontrolou s na\u0161ou aplik\u00e1ciou pre prenosn\u00e9 dotykov\u00e9 termin\u00e1ly<\/a><\/h3><\/div>\r\n\t\t\t\r\n\r\n\t\t\t\t\t\t\t<div class=\"tpg-excerpt tpg-el-excerpt\">\r\n\t\t\t\t\t\t\t\t\t\t\t<div class=\"tpg-excerpt-inner\">\r\n\t\t\t\t\t\t\tPredstavujeme V\u00e1m na\u0161u aplik\u00e1ciu ur\u010den\u00fa pre Skladov\u00e9 a odbytov\u00e9 procesy optimalizovan\u00fa pre pou\u017eitie na prenosn\u00fdch...\t\t\t\t\t\t<\/div>\r\n\t\t\t\t\t\t\t\t\t\t\t\t\t\t<\/div>\r\n\t\t\t\r\n\t\t\t        <div class=\"post-footer\">\r\n            <div class=\"post-footer\">\r\n                <div class=\"read-more\">\r\n\t\t\t\t\t<a data-id=\"937\" href=\"https:\/\/www.step.sk\/wordpress\/?p=937\" class=\"tpg-post-link\" target=\"_self\">\u010c\u00edta\u0165 viac<\/a>                <\/div>\r\n            <\/div>\r\n        <\/div>\r\n\t\t\t\t<\/div>\r\n\t<\/div>\r\n<\/div>\r\n<div class=\"rt-col-md-3 rt-col-sm-6 rt-col-xs-12 default rt-grid-item post-935 post type-post status-publish format-standard has-post-thumbnail hentry category-clanok\"\t\tdata-id=\"935\">\r\n\t<div class=\"rt-holder tpg-post-holder\">\r\n\t\t<div class=\"rt-detail rt-el-content-wrapper\">\r\n\t\t\t\t\t\t\t<div class=\"rt-img-holder tpg-el-image-wrap has-thumbnail\">\r\n\t\t\t\t\t<a data-id=\"935\" href=\"https:\/\/www.step.sk\/wordpress\/?p=935\" class=\"tpg-post-link\" target=\"_self\">                        <img loading=\"lazy\" decoding=\"async\" src=\"https:\/\/www.step.sk\/wordpress\/wp-content\/uploads\/2023\/06\/terminal-768x512.jpeg\"\r\n                             class=\"rt-img-responsive\"\r\n                             width=\"768\"\r\n                             height=\"512\"\r\n                             alt=\"Dotykov\u00e9 termin\u00e1ly vo v\u00fdrobe: Efekt\u00edvne odv\u00e1dzanie oper\u00e1cii, pr\u00e1ce a materi\u00e1lu\">\r\n\t\t\t\t\t\t\r\n\t\t\t\t\t\t\t\r\n\t\t<\/a>\r\n\t\t        <div class=\"overlay grid-hover-content\"><\/div>\r\n\t\t\t\t\t\t<\/div>\r\n\t\t\t\r\n\t\t\t<div class=\"entry-title-wrapper\"><h3 class=\"entry-title\"><a data-id=\"935\" href=\"https:\/\/www.step.sk\/wordpress\/?p=935\" class=\"tpg-post-link\" target=\"_self\">Dotykov\u00e9 termin\u00e1ly vo v\u00fdrobe: Efekt\u00edvne odv\u00e1dzanie oper\u00e1cii, pr\u00e1ce a materi\u00e1lu<\/a><\/h3><\/div>\r\n\t\t\t\r\n\r\n\t\t\t\t\t\t\t<div class=\"tpg-excerpt tpg-el-excerpt\">\r\n\t\t\t\t\t\t\t\t\t\t\t<div class=\"tpg-excerpt-inner\">\r\n\t\t\t\t\t\t\tDotykov\u00e9 termin\u00e1ly pre V\u00fdrobn\u00e9 procesy je webov\u00e1 aplik\u00e1cia ur\u010den\u00e1 pre v\u00fdrobn\u00e9 podniky, ktor\u00e9 potrebuj\u00fa efekt\u00edvne...\t\t\t\t\t\t<\/div>\r\n\t\t\t\t\t\t\t\t\t\t\t\t\t\t<\/div>\r\n\t\t\t\r\n\t\t\t        <div class=\"post-footer\">\r\n            <div class=\"post-footer\">\r\n                <div class=\"read-more\">\r\n\t\t\t\t\t<a data-id=\"935\" href=\"https:\/\/www.step.sk\/wordpress\/?p=935\" class=\"tpg-post-link\" target=\"_self\">\u010c\u00edta\u0165 viac<\/a>                <\/div>\r\n            <\/div>\r\n        <\/div>\r\n\t\t\t\t<\/div>\r\n\t<\/div>\r\n<\/div>\r\n<div class=\"rt-col-md-3 rt-col-sm-6 rt-col-xs-12 default rt-grid-item post-911 post type-post status-publish format-standard has-post-thumbnail hentry category-clanok\"\t\tdata-id=\"911\">\r\n\t<div class=\"rt-holder tpg-post-holder\">\r\n\t\t<div class=\"rt-detail rt-el-content-wrapper\">\r\n\t\t\t\t\t\t\t<div class=\"rt-img-holder tpg-el-image-wrap has-thumbnail\">\r\n\t\t\t\t\t<a data-id=\"911\" href=\"https:\/\/www.step.sk\/wordpress\/?p=911\" class=\"tpg-post-link\" target=\"_self\">                        <img loading=\"lazy\" decoding=\"async\" src=\"https:\/\/www.step.sk\/wordpress\/wp-content\/uploads\/2023\/06\/kataster-nehnutelnosti-768x512.jpg\"\r\n                             class=\"rt-img-responsive\"\r\n                             width=\"768\"\r\n                             height=\"512\"\r\n                             alt=\"Evidencia Majetku: Softv\u00e9rov\u00e9 rie\u0161enie pre komplexn\u00fa spr\u00e1vu vlastn\u00edctva\">\r\n\t\t\t\t\t\t\r\n\t\t\t\t\t\t\t\r\n\t\t<\/a>\r\n\t\t        <div class=\"overlay grid-hover-content\"><\/div>\r\n\t\t\t\t\t\t<\/div>\r\n\t\t\t\r\n\t\t\t<div class=\"entry-title-wrapper\"><h3 class=\"entry-title\"><a data-id=\"911\" href=\"https:\/\/www.step.sk\/wordpress\/?p=911\" class=\"tpg-post-link\" target=\"_self\">Evidencia Majetku: Softv\u00e9rov\u00e9 rie\u0161enie pre komplexn\u00fa spr\u00e1vu vlastn\u00edctva<\/a><\/h3><\/div>\r\n\t\t\t\r\n\r\n\t\t\t\t\t\t\t<div class=\"tpg-excerpt tpg-el-excerpt\">\r\n\t\t\t\t\t\t\t\t\t\t\t<div class=\"tpg-excerpt-inner\">\r\n\t\t\t\t\t\t\t\u0160tandardn\u00fd modul informa\u010dn\u00edho syst\u00e9mu KARAT &#8222;Majetok&#8220; umo\u017e\u0148uje detailn\u00fa evidenciu a spr\u00e1vu majetku firmy, vr\u00e1tane r\u00f4znych...\t\t\t\t\t\t<\/div>\r\n\t\t\t\t\t\t\t\t\t\t\t\t\t\t<\/div>\r\n\t\t\t\r\n\t\t\t        <div class=\"post-footer\">\r\n            <div class=\"post-footer\">\r\n                <div class=\"read-more\">\r\n\t\t\t\t\t<a data-id=\"911\" href=\"https:\/\/www.step.sk\/wordpress\/?p=911\" class=\"tpg-post-link\" target=\"_self\">\u010c\u00edta\u0165 viac<\/a>                <\/div>\r\n            <\/div>\r\n        <\/div>\r\n\t\t\t\t<\/div>\r\n\t<\/div>\r\n<\/div>\r\n<div class=\"rt-col-md-3 rt-col-sm-6 rt-col-xs-12 default rt-grid-item post-939 post type-post status-publish format-standard has-post-thumbnail hentry category-clanok\"\t\tdata-id=\"939\">\r\n\t<div class=\"rt-holder tpg-post-holder\">\r\n\t\t<div class=\"rt-detail rt-el-content-wrapper\">\r\n\t\t\t\t\t\t\t<div class=\"rt-img-holder tpg-el-image-wrap has-thumbnail\">\r\n\t\t\t\t\t<a data-id=\"939\" href=\"https:\/\/www.step.sk\/wordpress\/?p=939\" class=\"tpg-post-link\" target=\"_self\">                        <img loading=\"lazy\" decoding=\"async\" src=\"https:\/\/www.step.sk\/wordpress\/wp-content\/uploads\/2023\/06\/mzdy-768x512.jpg\"\r\n                             class=\"rt-img-responsive\"\r\n                             width=\"768\"\r\n                             height=\"512\"\r\n                             alt=\"Podklady pre mzdy: Ako efekt\u00edvne zhroma\u017edi\u0165 a spracova\u0165 \u00fadaje pre v\u00fdpo\u010det miezd\">\r\n\t\t\t\t\t\t\r\n\t\t\t\t\t\t\t\r\n\t\t<\/a>\r\n\t\t        <div class=\"overlay grid-hover-content\"><\/div>\r\n\t\t\t\t\t\t<\/div>\r\n\t\t\t\r\n\t\t\t<div class=\"entry-title-wrapper\"><h3 class=\"entry-title\"><a data-id=\"939\" href=\"https:\/\/www.step.sk\/wordpress\/?p=939\" class=\"tpg-post-link\" target=\"_self\">Podklady pre mzdy: Ako efekt\u00edvne zhroma\u017edi\u0165 a spracova\u0165 \u00fadaje pre v\u00fdpo\u010det miezd<\/a><\/h3><\/div>\r\n\t\t\t\r\n\r\n\t\t\t\t\t\t\t<div class=\"tpg-excerpt tpg-el-excerpt\">\r\n\t\t\t\t\t\t\t\t\t\t\t<div class=\"tpg-excerpt-inner\">\r\n\t\t\t\t\t\t\tV ka\u017edom podniku je spr\u00e1vne vykonan\u00fd v\u00fdpo\u010det miezd k\u013e\u00fa\u010dov\u00fdm ukazovate\u013eom spokojnosti a zamestnaneckej motiv\u00e1cie. Pri...\t\t\t\t\t\t<\/div>\r\n\t\t\t\t\t\t\t\t\t\t\t\t\t\t<\/div>\r\n\t\t\t\r\n\t\t\t        <div class=\"post-footer\">\r\n            <div class=\"post-footer\">\r\n                <div class=\"read-more\">\r\n\t\t\t\t\t<a data-id=\"939\" href=\"https:\/\/www.step.sk\/wordpress\/?p=939\" class=\"tpg-post-link\" target=\"_self\">\u010c\u00edta\u0165 viac<\/a>                <\/div>\r\n            <\/div>\r\n        <\/div>\r\n\t\t\t\t<\/div>\r\n\t<\/div>\r\n<\/div>\r\n<div class=\"rt-col-md-3 rt-col-sm-6 rt-col-xs-12 default rt-grid-item post-1762 post type-post status-publish format-standard has-post-thumbnail hentry category-clanok\"\t\tdata-id=\"1762\">\r\n\t<div class=\"rt-holder tpg-post-holder\">\r\n\t\t<div class=\"rt-detail rt-el-content-wrapper\">\r\n\t\t\t\t\t\t\t<div class=\"rt-img-holder tpg-el-image-wrap has-thumbnail\">\r\n\t\t\t\t\t<a data-id=\"1762\" href=\"https:\/\/www.step.sk\/wordpress\/?p=1762\" class=\"tpg-post-link\" target=\"_self\">                        <img loading=\"lazy\" decoding=\"async\" src=\"https:\/\/www.step.sk\/wordpress\/wp-content\/uploads\/2023\/08\/podpis-e1692184777104.jpg\"\r\n                             class=\"rt-img-responsive\"\r\n                             width=\"532\"\r\n                             height=\"330\"\r\n                             alt=\"Elektronick\u00fd podpis v IS KARAT: D\u00f4veryhodnos\u0165 a bezpe\u010dnos\u0165 v digit\u00e1lnej \u00e9re\">\r\n\t\t\t\t\t\t\r\n\t\t\t\t\t\t\t\r\n\t\t<\/a>\r\n\t\t        <div class=\"overlay grid-hover-content\"><\/div>\r\n\t\t\t\t\t\t<\/div>\r\n\t\t\t\r\n\t\t\t<div class=\"entry-title-wrapper\"><h3 class=\"entry-title\"><a data-id=\"1762\" href=\"https:\/\/www.step.sk\/wordpress\/?p=1762\" class=\"tpg-post-link\" target=\"_self\">Elektronick\u00fd podpis v IS KARAT: D\u00f4veryhodnos\u0165 a bezpe\u010dnos\u0165 v digit\u00e1lnej \u00e9re<\/a><\/h3><\/div>\r\n\t\t\t\r\n\r\n\t\t\t\t\t\t\t<div class=\"tpg-excerpt tpg-el-excerpt\">\r\n\t\t\t\t\t\t\t\t\t\t\t<div class=\"tpg-excerpt-inner\">\r\n\t\t\t\t\t\t\t\u010coraz viac klientov sa na n\u00e1s obracia s po\u017eiadavkou na elektronick\u00e9 podpisovanie dokumentov, ktor\u00e9 sa...\t\t\t\t\t\t<\/div>\r\n\t\t\t\t\t\t\t\t\t\t\t\t\t\t<\/div>\r\n\t\t\t\r\n\t\t\t        <div class=\"post-footer\">\r\n            <div class=\"post-footer\">\r\n                <div class=\"read-more\">\r\n\t\t\t\t\t<a data-id=\"1762\" href=\"https:\/\/www.step.sk\/wordpress\/?p=1762\" class=\"tpg-post-link\" target=\"_self\">\u010c\u00edta\u0165 viac<\/a>                <\/div>\r\n            <\/div>\r\n        <\/div>\r\n\t\t\t\t<\/div>\r\n\t<\/div>\r\n<\/div>\r\n            <\/div>\r\n\t\t\t\r\n        <\/div>\r\n\t\t\t\t<\/div>\n\t\t\t\t<\/div>\n\t\t\t\t\t<\/div>\n\t\t<\/div>\n\t\t\t\t\t\t\t<\/div>\n\t\t<\/section>\n\t\t\t\t\t<\/div>\n\t\t<\/div>\n\t\t\t\t\t\t\t<\/div>\n\t\t<\/section>\n\t\t\t\t\t\t\t<\/div>\n\t\t","protected":false},"excerpt":{"rendered":"<p>\u010cl\u00e1nky o rie\u0161eniach v IS KARAT Po\u010das skoro 20-ro\u010dn\u00fdch sk\u00fasenost\u00ed s implement\u00e1ciou IS KARAT sme sa stretli s po\u017eiadavkami, n\u00e1rokmi a procesmi riadenia desiatok firiem.&nbsp;M\u00e1me sk\u00fasenosti s implement\u00e1ciou v\u00e4\u010d\u0161iny modulov, ktor\u00e9 IS KARAT pon\u00faka.&nbsp;V \u010dl\u00e1nkoch V\u00e1m predstavujeme&nbsp;uk\u00e1\u017eky niektor\u00fdch zauj\u00edmav\u00fdch rie\u0161en\u00ed, ktor\u00e9 pon\u00fakame v r\u00e1mci implement\u00e1cie IS KARAT a ktor\u00e9 sme bu\u010f sami navrhli alebo s &hellip;<\/p>\n<p class=\"read-more\"> <a class=\"\" href=\"https:\/\/www.step.sk\/wordpress\/?p=1762\"> <span class=\"screen-reader-text\">Elektronick\u00fd podpis v IS KARAT: D\u00f4veryhodnos\u0165 a bezpe\u010dnos\u0165 v digit\u00e1lnej \u00e9re<\/span> \u010c\u00edtajte viac &raquo;<\/a><\/p>\n","protected":false},"author":1,"featured_media":0,"parent":0,"menu_order":0,"comment_status":"closed","ping_status":"closed","template":"","meta":{"site-sidebar-layout":"no-sidebar","site-content-layout":"page-builder","ast-global-header-display":"","ast-banner-title-visibility":"","ast-main-header-display":"","ast-hfb-above-header-display":"","ast-hfb-below-header-display":"","ast-hfb-mobile-header-display":"","site-post-title":"disabled","ast-breadcrumbs-content":"disabled","ast-featured-img":"disabled","footer-sml-layout":"","theme-transparent-header-meta":"enabled","adv-header-id-meta":"","stick-header-meta":"","header-above-stick-meta":"","header-main-stick-meta":"","header-below-stick-meta":"","footnotes":""},"class_list":["post-582","page","type-page","status-publish","hentry"],"rttpg_featured_image_url":null,"rttpg_author":{"display_name":"step","author_link":"https:\/\/www.step.sk\/wordpress\/?author=1"},"rttpg_comment":0,"rttpg_category":"","rttpg_excerpt":"\u010cl\u00e1nky o rie\u0161eniach v IS KARAT Po\u010das skoro 20-ro\u010dn\u00fdch sk\u00fasenost\u00ed s implement\u00e1ciou IS KARAT sme sa stretli s po\u017eiadavkami, n\u00e1rokmi a procesmi riadenia desiatok firiem.&nbsp;M\u00e1me sk\u00fasenosti s implement\u00e1ciou v\u00e4\u010d\u0161iny modulov, ktor\u00e9 IS KARAT pon\u00faka.&nbsp;V \u010dl\u00e1nkoch V\u00e1m predstavujeme&nbsp;uk\u00e1\u017eky niektor\u00fdch zauj\u00edmav\u00fdch rie\u0161en\u00ed, ktor\u00e9 pon\u00fakame v r\u00e1mci implement\u00e1cie IS KARAT a ktor\u00e9 sme bu\u010f sami navrhli alebo s&hellip;","_links":{"self":[{"href":"https:\/\/www.step.sk\/wordpress\/index.php?rest_route=\/wp\/v2\/pages\/582","targetHints":{"allow":["GET"]}}],"collection":[{"href":"https:\/\/www.step.sk\/wordpress\/index.php?rest_route=\/wp\/v2\/pages"}],"about":[{"href":"https:\/\/www.step.sk\/wordpress\/index.php?rest_route=\/wp\/v2\/types\/page"}],"author":[{"embeddable":true,"href":"https:\/\/www.step.sk\/wordpress\/index.php?rest_route=\/wp\/v2\/users\/1"}],"replies":[{"embeddable":true,"href":"https:\/\/www.step.sk\/wordpress\/index.php?rest_route=%2Fwp%2Fv2%2Fcomments&post=582"}],"version-history":[{"count":33,"href":"https:\/\/www.step.sk\/wordpress\/index.php?rest_route=\/wp\/v2\/pages\/582\/revisions"}],"predecessor-version":[{"id":1538,"href":"https:\/\/www.step.sk\/wordpress\/index.php?rest_route=\/wp\/v2\/pages\/582\/revisions\/1538"}],"wp:attachment":[{"href":"https:\/\/www.step.sk\/wordpress\/index.php?rest_route=%2Fwp%2Fv2%2Fmedia&parent=582"}],"curies":[{"name":"wp","href":"https:\/\/api.w.org\/{rel}","templated":true}]}}